{"id":43,"date":"2013-11-13T20:53:37","date_gmt":"2013-11-13T20:53:37","guid":{"rendered":"http:\/\/futurelink.info\/test\/?page_id=43"},"modified":"2026-03-03T13:46:49","modified_gmt":"2026-03-03T12:46:49","slug":"produits-et-services","status":"publish","type":"page","link":"https:\/\/futurelink.info\/?page_id=43","title":{"rendered":"Produits et Services"},"content":{"rendered":"<ul>\n<li>\n<h2>Audit, conseil en Syst\u00e8mes d\u2019information et de communication<\/h2>\n<\/li>\n<\/ul>\n<p>Le syst\u00e8me d\u2019information et de communication est analys\u00e9 avec ses diff\u00e9rentes composantes&nbsp;: infrastructures, applicatifs, exploitation, organisation, ressources humaines et qualit\u00e9.<\/p>\n<ul>\n<li>\n<h2>Mise \u00e0 niveau des syst\u00e8mes d&rsquo;information et de t\u00e9l\u00e9communications<\/h2>\n<\/li>\n<\/ul>\n<p>Perfectionnement du SI en tenant compte des contraintes et orientations du client. Ces op\u00e9rations sont men\u00e9es soit suite \u00e0 un audit syst\u00e8me d&rsquo;information soit pour remise rapide au standard en attendant une \u00e9tude approfondie et un \u00e9ventuel ajustement global ou partiel.<\/p>\n<ul>\n<li>\n<h2>Int\u00e9gration de solutions de s\u00e9curit\u00e9<\/h2>\n<\/li>\n<\/ul>\n<p>Future Link fait la mise \u00e0 niveau des plateformes Internet en fournissant ou en mettant \u00e0 niveau les diff\u00e9rentes composantes&nbsp;: Pare-feu, Antivirus, Antispam, Switches, Routeurs, Filtrage URL, Contr\u00f4le des applications, Contr\u00f4le des p\u00e9riph\u00e9riques, etc. Elle introduit le cas \u00e9ch\u00e9ant de la haute disponibilit\u00e9, le partage de charge, la redondance des liens r\u00e9seau, etc.<\/p>\n<p>Nous int\u00e9grons aussi des solutions de vid\u00e9osurveillance dans le respect des normes de s\u00e9curit\u00e9 et de l&rsquo;environnement client.<\/p>\n<ul>\n<li>\n<h2>Maintenance et supports techniques<\/h2>\n<\/li>\n<\/ul>\n<p>Notre entreprise fournit&nbsp; \u00e0 ses clients un contrat de maintenance assurant l&rsquo;entretien pr\u00e9ventif du mat\u00e9riel et logiciel Informatique suivant un planning d\u00e9fini en \u00e9troite collaboration avec le client. Elle assure \u00e9galement, une assurance technique sur site, par t\u00e9l\u00e9phone, par e-mail ou par acc\u00e8s \u00e0 distance.<\/p>\n<ul>\n<li>\n<h2>D\u00e9veloppement de sites web et h\u00e9bergement de domaines Internet et messagerie \u00e9lectronique<\/h2>\n<\/li>\n<\/ul>\n<p>Sa ma\u00eetrise des outils de d\u00e9veloppement Internet et des m\u00e9canismes de gestion des services Web permet \u00e0 Future Link de fournir le meilleur service et donne l&rsquo;occasion de marquer la pr\u00e9sence de ses clients sur la toile. Elle les conseille et les assiste pendant tout le processus d&rsquo;h\u00e9bergement depuis l\u2019enregistrement des domaines jusqu\u2019au r\u00e9f\u00e9rencement sur les moteurs de recherches. Des formules adapt\u00e9es \u00e0 leur structure et \u00e0 leur budget leur permettront d&rsquo;exploiter confortablement le r\u00e9seau des r\u00e9seaux.<\/p>\n<p>Nous offrons une assistance dans la conception des boutiques en ligne et l&rsquo;exploitation du service du paiement \u00e9lectronique aussi bien au niveau national qu&rsquo;international.<\/p>\n<ul>\n<li>\n<h2>Mise en \u0153uvre de solutions VPN<\/h2>\n<\/li>\n<\/ul>\n<p>Site-\u00e0-site ou Client nomade, Future Link tiendra compte de l\u2019environnement du client et utilisera les techniques adapt\u00e9es \u00e0 son besoin.<\/p>\n<p>La mise en place d\u2019un r\u00e9seau priv\u00e9 virtuel doit int\u00e9grer la prise en charge des utilisateurs distants dans l\u2019exploitation des ressources du r\u00e9seau local cible.<\/p>\n<ul>\n<li>\n<h2>Mise en \u0153uvre d\u2019interconnexion Radio<\/h2>\n<\/li>\n<\/ul>\n<p>Point-\u00e0-point, point-\u00e0-multi-points ou un r\u00e9seau sans fils s\u00e9curis\u00e9 et performant, Future Link saura r\u00e9pondre \u00e0 vos exigences.<\/p>\n<ul>\n<li>\n<h2>Mise en \u0153uvre de solutions de sauvegarde de donn\u00e9es<\/h2>\n<\/li>\n<\/ul>\n<p>Vos donn\u00e9es sont pr\u00e9cieuses et leur gestion n\u2019est pas t\u00e2che facile. Future Link vous apportera le bon conseil et vous aidera \u00e0 g\u00e9rer vos stockages et vos pertes de donn\u00e9es.<\/p>\n<ul>\n<li>\n<h2>Int\u00e9gration de solutions Open Source<\/h2>\n<\/li>\n<\/ul>\n<p>Future Link est passionn\u00e9 par le monde du logiciel libre. Si vous \u00eates en d\u00e9saccord avec le principe de logiciel propri\u00e9taire et optez pour profiter des solutions libres, faites nous appel, vous ne serez pas d\u00e9\u00e7us.<\/p>\n<ul>\n<li>\n<h2>Formation<\/h2>\n<\/li>\n<\/ul>\n<p>Vous voulez maintenir vos \u00e9quipes au meilleur niveau pour une meilleure productivit\u00e9, nos formateurs sauront \u00e9laborer et dispenser les programmes de formation sur mesure.<\/p>\n<p>Notre syst\u00e8me d\u2019\u00e9valuation permet aux responsables de ressources humaines d\u2019appr\u00e9cier le perfectionnement des stagiaires.<\/p>\n","protected":false},"excerpt":{"rendered":"<p>Audit, conseil en Syst\u00e8mes d\u2019information et de communication Le syst\u00e8me d\u2019information et de communication est analys\u00e9 avec ses diff\u00e9rentes composantes&nbsp;: infrastructures, applicatifs, exploitation, organisation, ressources humaines et qualit\u00e9. Mise \u00e0 niveau des syst\u00e8mes d&rsquo;information et de t\u00e9l\u00e9communications Perfectionnement du SI en tenant compte des contraintes et orientations du client. Ces op\u00e9rations sont men\u00e9es soit suite\u2026 <span class=\"read-more\"><a href=\"https:\/\/futurelink.info\/?page_id=43\">Read More &raquo;<\/a><\/span><\/p>\n","protected":false},"author":1,"featured_media":0,"parent":0,"menu_order":0,"comment_status":"closed","ping_status":"closed","template":"","meta":{"ngg_post_thumbnail":0,"footnotes":""},"class_list":["post-43","page","type-page","status-publish","hentry"],"_links":{"self":[{"href":"https:\/\/futurelink.info\/index.php?rest_route=\/wp\/v2\/pages\/43","targetHints":{"allow":["GET"]}}],"collection":[{"href":"https:\/\/futurelink.info\/index.php?rest_route=\/wp\/v2\/pages"}],"about":[{"href":"https:\/\/futurelink.info\/index.php?rest_route=\/wp\/v2\/types\/page"}],"author":[{"embeddable":true,"href":"https:\/\/futurelink.info\/index.php?rest_route=\/wp\/v2\/users\/1"}],"replies":[{"embeddable":true,"href":"https:\/\/futurelink.info\/index.php?rest_route=%2Fwp%2Fv2%2Fcomments&post=43"}],"version-history":[{"count":6,"href":"https:\/\/futurelink.info\/index.php?rest_route=\/wp\/v2\/pages\/43\/revisions"}],"predecessor-version":[{"id":99,"href":"https:\/\/futurelink.info\/index.php?rest_route=\/wp\/v2\/pages\/43\/revisions\/99"}],"wp:attachment":[{"href":"https:\/\/futurelink.info\/index.php?rest_route=%2Fwp%2Fv2%2Fmedia&parent=43"}],"curies":[{"name":"wp","href":"https:\/\/api.w.org\/{rel}","templated":true}]}}