{"id":28,"date":"2013-11-09T20:33:46","date_gmt":"2013-11-09T20:33:46","guid":{"rendered":"http:\/\/futurelink.info\/test\/?page_id=28"},"modified":"2015-10-26T11:58:44","modified_gmt":"2015-10-26T11:58:44","slug":"presentation","status":"publish","type":"page","link":"https:\/\/futurelink.info\/","title":{"rendered":"Notre soci\u00e9t\u00e9"},"content":{"rendered":"<p>Future Link est une entreprise marocaine cr\u00e9\u00e9e en 2005 \u00e0 Rabat. Elle est sp\u00e9cialis\u00e9e dans la mise en \u0153uvre et la s\u00e9curit\u00e9 des syst\u00e8mes d\u2019informations et de communications.<br \/>\nEn tant qu\u2019int\u00e9grateur distributeur, Elle s\u2019appuie sur sa longue exp\u00e9rience pour bien choisir les produits et les solutions qu\u2019elle repr\u00e9sente au Maroc. Une bonne relation technico-commerciale avec ses diff\u00e9rents fournisseurs offre \u00e0 ses clients une assistance de bonne qualit\u00e9 et une r\u00e9ussite des projets engag\u00e9s.<br \/>\nFuture Link propose des solutions bas\u00e9es sur des produits mat\u00e9riels et logiciels performants int\u00e9gr\u00e9s par le soin de consultants qualifi\u00e9s et exp\u00e9riment\u00e9s. Un accompagnement du client est assur\u00e9 depuis la phase de qualification des besoins jusqu\u2019\u00e0 le mise en service et la conduite du changement.<br \/>\nFuture Link r\u00e9alise ses prestations dans un esprit de partenariat \u00e0 long-terme et dans le respect minutieux de son plan assurance qualit\u00e9 bas\u00e9 sur les standards internationaux.<\/p>\n","protected":false},"excerpt":{"rendered":"<p>Future Link est une entreprise marocaine cr\u00e9\u00e9e en 2005 \u00e0 Rabat. Elle est sp\u00e9cialis\u00e9e dans la mise en \u0153uvre et la s\u00e9curit\u00e9 des syst\u00e8mes d\u2019informations et de communications. En tant qu\u2019int\u00e9grateur distributeur, Elle s\u2019appuie sur sa longue exp\u00e9rience pour bien choisir les produits et les solutions qu\u2019elle repr\u00e9sente au Maroc. Une bonne relation technico-commerciale avec\u2026 <span class=\"read-more\"><a href=\"https:\/\/futurelink.info\/\">Read More &raquo;<\/a><\/span><\/p>\n","protected":false},"author":1,"featured_media":0,"parent":0,"menu_order":0,"comment_status":"closed","ping_status":"closed","template":"","meta":{"ngg_post_thumbnail":0,"footnotes":""},"class_list":["post-28","page","type-page","status-publish","hentry"],"_links":{"self":[{"href":"https:\/\/futurelink.info\/index.php?rest_route=\/wp\/v2\/pages\/28","targetHints":{"allow":["GET"]}}],"collection":[{"href":"https:\/\/futurelink.info\/index.php?rest_route=\/wp\/v2\/pages"}],"about":[{"href":"https:\/\/futurelink.info\/index.php?rest_route=\/wp\/v2\/types\/page"}],"author":[{"embeddable":true,"href":"https:\/\/futurelink.info\/index.php?rest_route=\/wp\/v2\/users\/1"}],"replies":[{"embeddable":true,"href":"https:\/\/futurelink.info\/index.php?rest_route=%2Fwp%2Fv2%2Fcomments&post=28"}],"version-history":[{"count":6,"href":"https:\/\/futurelink.info\/index.php?rest_route=\/wp\/v2\/pages\/28\/revisions"}],"predecessor-version":[{"id":80,"href":"https:\/\/futurelink.info\/index.php?rest_route=\/wp\/v2\/pages\/28\/revisions\/80"}],"wp:attachment":[{"href":"https:\/\/futurelink.info\/index.php?rest_route=%2Fwp%2Fv2%2Fmedia&parent=28"}],"curies":[{"name":"wp","href":"https:\/\/api.w.org\/{rel}","templated":true}]}}